{"id":1036,"date":"2024-10-29T18:32:42","date_gmt":"2024-10-29T18:32:42","guid":{"rendered":"https:\/\/alessiagiudice.com\/?post_type=product&#038;p=1036"},"modified":"2025-07-12T13:26:45","modified_gmt":"2025-07-12T13:26:45","slug":"stile-senza-stress-il-guardaroba-capsula-per-ogni-occasione","status":"publish","type":"product","link":"https:\/\/alessiagiudice.com\/en\/product\/stile-senza-stress-il-guardaroba-capsula-per-ogni-occasione\/","title":{"rendered":"Stile senza stress: il guardaroba capsula per ogni occasione"},"content":{"rendered":"<p class=\"cvGsUA direction-ltr align-justify para-style-body\"><span class=\"OYPEnA text-decoration-none text-strikethrough-none\">Immagina di aprire il tuo armadio e di trovare solo capi che ami, che si abbinano tra loro e che puoi indossare per qualsiasi occasione.<\/span><\/p>\n<p class=\"cvGsUA direction-ltr align-justify para-style-body\"><span class=\"OYPEnA text-decoration-none text-strikethrough-none\">Sembra un sogno, vero? Ebbene, questo \u00e8 ci\u00f2 che ti permette di ottenere un guardaroba capsula!<\/span><\/p>\n<p class=\"cvGsUA direction-ltr align-justify para-style-body\">In questa guida digitale troverai un approccio pratico affinch\u00e9 tu possa apprendere come\u00a0creare il guardaroba capsula adatto a te e al tuo stile di vita.<\/p>\n<p>All\u2019interno troverai tutto: dalla lista dei capi per creare il guardaroba capsula ideale, a come adattarlo al tuo stile e alla tua vita ma anche come modificarlo e ricrearlo in base alla stagione, alle vacanze e agli eventi speciali\u2026Ma troverai anche tanto altro!<\/p>\n<p>All\u2019interno c\u2019\u00e8 tutto cos\u00ec che tu possa leggere, apprendere e adattare ci\u00f2 che leggi al tuo guardaroba. Troverai anche immagini di ispirazione per i capi, colori e abbinamenti per un guardaroba senza stress e uno stile sempre al top.<\/p>","protected":false},"excerpt":{"rendered":"<p>Immagina di aprire il tuo armadio e di trovare solo capi che ami, che si abbinano tra loro e che puoi indossare per qualsiasi occasione. Sembra un sogno, vero? Ebbene, questo \u00e8 ci\u00f2 che ti permette di ottenere un guardaroba capsula! In questa guida digitale troverai un approccio pratico affinch\u00e9 tu possa apprendere come\u00a0creare il [&hellip;]<\/p>","protected":false},"featured_media":1037,"comment_status":"open","ping_status":"closed","template":"","meta":{"_joinchat":[]},"product_brand":[],"product_cat":[33],"product_tag":[],"class_list":{"0":"post-1036","1":"product","2":"type-product","3":"status-publish","4":"has-post-thumbnail","6":"product_cat-ebook","8":"first","9":"instock","10":"downloadable","11":"virtual","12":"purchasable","13":"product-type-simple"},"_links":{"self":[{"href":"https:\/\/alessiagiudice.com\/en\/wp-json\/wp\/v2\/product\/1036","targetHints":{"allow":["GET"]}}],"collection":[{"href":"https:\/\/alessiagiudice.com\/en\/wp-json\/wp\/v2\/product"}],"about":[{"href":"https:\/\/alessiagiudice.com\/en\/wp-json\/wp\/v2\/types\/product"}],"replies":[{"embeddable":true,"href":"https:\/\/alessiagiudice.com\/en\/wp-json\/wp\/v2\/comments?post=1036"}],"wp:featuredmedia":[{"embeddable":true,"href":"https:\/\/alessiagiudice.com\/en\/wp-json\/wp\/v2\/media\/1037"}],"wp:attachment":[{"href":"https:\/\/alessiagiudice.com\/en\/wp-json\/wp\/v2\/media?parent=1036"}],"wp:term":[{"taxonomy":"product_brand","embeddable":true,"href":"https:\/\/alessiagiudice.com\/en\/wp-json\/wp\/v2\/product_brand?post=1036"},{"taxonomy":"product_cat","embeddable":true,"href":"https:\/\/alessiagiudice.com\/en\/wp-json\/wp\/v2\/product_cat?post=1036"},{"taxonomy":"product_tag","embeddable":true,"href":"https:\/\/alessiagiudice.com\/en\/wp-json\/wp\/v2\/product_tag?post=1036"}],"curies":[{"name":"wp","href":"https:\/\/api.w.org\/{rel}","templated":true}]}}